{"id":27361,"date":"2024-10-03T12:14:00","date_gmt":"2024-10-03T12:14:00","guid":{"rendered":"https:\/\/xalta.ch\/?page_id=27361"},"modified":"2024-10-05T14:25:52","modified_gmt":"2024-10-05T14:25:52","slug":"cafe","status":"publish","type":"page","link":"https:\/\/xalta.ch\/en\/cafe\/","title":{"rendered":"Caf\u00e9"},"content":{"rendered":"<div data-elementor-type=\"wp-page\" data-elementor-id=\"27361\" class=\"elementor elementor-27361\" data-elementor-post-type=\"page\">\n\t\t\t\t\t\t<section class=\"wd-negative-gap elementor-section elementor-top-section elementor-element elementor-element-7193ad0 elementor-section-content-middle elementor-section-boxed elementor-section-height-default elementor-section-height-default\" data-id=\"7193ad0\" data-element_type=\"section\" data-e-type=\"section\">\n\t\t\t\t\t\t<div class=\"elementor-container elementor-column-gap-default\">\n\t\t\t\t\t<div class=\"elementor-column elementor-col-50 elementor-top-column elementor-element elementor-element-5389d98\" data-id=\"5389d98\" data-element_type=\"column\" data-e-type=\"column\">\n\t\t\t<div class=\"elementor-widget-wrap elementor-element-populated\">\n\t\t\t\t\t\t<section class=\"wd-negative-gap elementor-section elementor-inner-section elementor-element elementor-element-b23f0d2 elementor-section-boxed elementor-section-height-default elementor-section-height-default\" data-id=\"b23f0d2\" data-element_type=\"section\" data-e-type=\"section\">\n\t\t\t\t\t\t<div class=\"elementor-container elementor-column-gap-extended\">\n\t\t\t\t\t<div class=\"elementor-column elementor-col-50 elementor-inner-column elementor-element elementor-element-201b4d8\" data-id=\"201b4d8\" data-element_type=\"column\" data-e-type=\"column\">\n\t\t\t<div class=\"elementor-widget-wrap elementor-element-populated\">\n\t\t\t\t\t\t<div class=\"elementor-element elementor-element-06ad0f2 elementor-widget elementor-widget-wd_image_or_svg\" data-id=\"06ad0f2\" data-element_type=\"widget\" data-e-type=\"widget\" data-widget_type=\"wd_image_or_svg.default\">\n\t\t\t\t<div class=\"elementor-widget-container\">\n\t\t\t\t\t\n\t\t<div class=\"wd-image text-left\">\n\t\t\t\t\t\t\t\t<img fetchpriority=\"high\" decoding=\"async\" width=\"400\" height=\"600\" src=\"https:\/\/xalta.ch\/wp-content\/uploads\/2024\/10\/Bir-baslik-ekleyin-2024-10-05T172511.756.png\" class=\"attachment-full size-full\" alt=\"\" srcset=\"https:\/\/xalta.ch\/wp-content\/uploads\/2024\/10\/Bir-baslik-ekleyin-2024-10-05T172511.756.png 400w, https:\/\/xalta.ch\/wp-content\/uploads\/2024\/10\/Bir-baslik-ekleyin-2024-10-05T172511.756-150x225.png 150w, https:\/\/xalta.ch\/wp-content\/uploads\/2024\/10\/Bir-baslik-ekleyin-2024-10-05T172511.756-200x300.png 200w\" sizes=\"(max-width: 400px) 100vw, 400px\" \/>\t\t\t\t\t<\/div>\n\n\t\t\t\t\t\t<\/div>\n\t\t\t\t<\/div>\n\t\t\t\t\t<\/div>\n\t\t<\/div>\n\t\t\t\t<div class=\"elementor-column elementor-col-50 elementor-top-column elementor-element elementor-element-90aea36\" data-id=\"90aea36\" data-element_type=\"column\" data-e-type=\"column\">\n\t\t\t<div class=\"elementor-widget-wrap elementor-element-populated\">\n\t\t\t\t\t\t<div class=\"elementor-element elementor-element-09be5f3 elementor-widget elementor-widget-wd_image_or_svg\" data-id=\"09be5f3\" data-element_type=\"widget\" data-e-type=\"widget\" data-widget_type=\"wd_image_or_svg.default\">\n\t\t\t\t<div class=\"elementor-widget-container\">\n\t\t\t\t\t\n\t\t<div class=\"wd-image text-left\">\n\t\t\t\t\t\t\t\t<img decoding=\"async\" width=\"400\" height=\"600\" src=\"https:\/\/xalta.ch\/wp-content\/uploads\/2024\/10\/Bir-baslik-ekleyin-2024-10-05T172538.587.png\" class=\"attachment-full size-full\" alt=\"\" srcset=\"https:\/\/xalta.ch\/wp-content\/uploads\/2024\/10\/Bir-baslik-ekleyin-2024-10-05T172538.587.png 400w, https:\/\/xalta.ch\/wp-content\/uploads\/2024\/10\/Bir-baslik-ekleyin-2024-10-05T172538.587-150x225.png 150w, https:\/\/xalta.ch\/wp-content\/uploads\/2024\/10\/Bir-baslik-ekleyin-2024-10-05T172538.587-200x300.png 200w\" sizes=\"(max-width: 400px) 100vw, 400px\" \/>\t\t\t\t\t<\/div>\n\n\t\t\t\t\t\t<\/div>\n\t\t\t\t<\/div>\n\t\t\t\t\t<\/div>\n\t\t<\/div>\n\t\t\t\t\t<\/div>\n\t\t<\/section>\n\t\t\t\t\t<\/div>\n\t\t<\/div>\n\t\t\t\t<div class=\"elementor-column elementor-col-50 elementor-top-column elementor-element elementor-element-4849c7a\" data-id=\"4849c7a\" data-element_type=\"column\" data-e-type=\"column\">\n\t\t\t<div class=\"elementor-widget-wrap elementor-element-populated\">\n\t\t\t\t\t\t<div class=\"elementor-element elementor-element-130252a elementor-widget elementor-widget-wd_image_or_svg\" data-id=\"130252a\" data-element_type=\"widget\" data-e-type=\"widget\" data-widget_type=\"wd_image_or_svg.default\">\n\t\t\t\t<div class=\"elementor-widget-container\">\n\t\t\t\t\t\n\t\t<div class=\"wd-image text-center\">\n\t\t\t\t\t\t\t\t<img decoding=\"async\" width=\"93\" height=\"65\" src=\"https:\/\/xalta.ch\/wp-content\/uploads\/2024\/10\/food-image-rosemary-opt-93x65.png\" class=\"attachment-93x65 size-93x65\" alt=\"\" srcset=\"https:\/\/xalta.ch\/wp-content\/uploads\/2024\/10\/food-image-rosemary-opt-93x65.png 93w, https:\/\/xalta.ch\/wp-content\/uploads\/2024\/10\/food-image-rosemary-opt-430x301.png 430w, https:\/\/xalta.ch\/wp-content\/uploads\/2024\/10\/food-image-rosemary-opt-150x105.png 150w, https:\/\/xalta.ch\/wp-content\/uploads\/2024\/10\/food-image-rosemary-opt-400x280.png 400w, https:\/\/xalta.ch\/wp-content\/uploads\/2024\/10\/food-image-rosemary-opt.png 465w\" sizes=\"(max-width: 93px) 100vw, 93px\" \/>\t\t\t\t\t<\/div>\n\n\t\t\t\t\t\t<\/div>\n\t\t\t\t<\/div>\n\t\t\t\t<div class=\"elementor-element elementor-element-3f9986c elementor-widget elementor-widget-wd_text_block\" data-id=\"3f9986c\" data-element_type=\"widget\" data-e-type=\"widget\" data-widget_type=\"wd_text_block.default\">\n\t\t\t\t<div class=\"elementor-widget-container\">\n\t\t\t\t\t\t\t<div class=\"wd-text-block reset-last-child text-center color-primary color-scheme-custom\">\n\t\t\t\n\t\t\tFresh Roasted Coffee\n\t\t\t\t\t<\/div>\n\t\t\t\t\t\t<\/div>\n\t\t\t\t<\/div>\n\t\t\t\t<div class=\"elementor-element elementor-element-c138edd wd-width-100 elementor-widget elementor-widget-wd_title\" data-id=\"c138edd\" data-element_type=\"widget\" data-e-type=\"widget\" data-widget_type=\"wd_title.default\">\n\t\t\t\t<div class=\"elementor-widget-container\">\n\t\t\t\t\t\t\t<div class=\"title-wrapper set-mb-s reset-last-child wd-title-color-default wd-title-style-default wd-title-size-default text-center\">\n\n\t\t\t\n\t\t\t<div class=\"liner-continer\">\n\t\t\t\t<h4 class=\"woodmart-title-container title wd-fontsize-l\">Xalta Caf\u00e9: Enjoy freshly ground coffee.<\/h4> \n\t\t\t\t\t\t\t<\/div>\n\n\t\t\t\t\t\t\t<div class=\"title-after_title set-cont-mb-s reset-last-child wd-fontsize-xs\">\n\t\t\t\t\t<p>Xalta Caf\u00e9 offers a selection of specialty coffees freshly roasted beans. From traditional Turkish coffee to a modern Espresso coffee - our coffee culture offers something for every taste.<\/p>\t\t\t\t<\/div>\n\t\t\t\t\t<\/div>\n\t\t\t\t\t\t<\/div>\n\t\t\t\t<\/div>\n\t\t\t\t\t<\/div>\n\t\t<\/div>\n\t\t\t\t\t<\/div>\n\t\t<\/section>\n\t\t\t\t<\/div>","protected":false},"excerpt":{"rendered":"<p>Frisch Ger\u00f6steter Kaffee Xalta Caf\u00e9: Genie\u00dfen Sie frisch gemahlenen Kaffee. Xalta Caf\u00e9 bietet eine Auswahl an Spezialit\u00e4tenkaffees aus frisch ger\u00f6steten<\/p>","protected":false},"author":1,"featured_media":0,"parent":0,"menu_order":0,"comment_status":"closed","ping_status":"closed","template":"","meta":{"footnotes":""},"class_list":["post-27361","page","type-page","status-publish","hentry"],"yoast_head":"<!-- This site is optimized with the Yoast SEO Premium plugin v23.5 (Yoast SEO v27.4) - https:\/\/yoast.com\/product\/yoast-seo-premium-wordpress\/ -->\n<title>Xalta Caf\u00e9 - Frisch ger\u00f6steter Kaffee und Spezialit\u00e4ten<\/title>\n<meta name=\"description\" content=\"Xalta Caf\u00e9 bietet in der Schweiz frisch ger\u00f6steten Kaffee und Spezialit\u00e4tenkaffees an. Erleben Sie den traditionellen Geschmack von t\u00fcrkischem Kaffee.\" \/>\n<meta name=\"robots\" content=\"index, follow, max-snippet:-1, max-image-preview:large, max-video-preview:-1\" \/>\n<link rel=\"canonical\" href=\"https:\/\/xalta.ch\/en\/cafe\/\" \/>\n<meta property=\"og:locale\" content=\"en_US\" \/>\n<meta property=\"og:type\" content=\"article\" \/>\n<meta property=\"og:title\" content=\"Caf\u00e9\" \/>\n<meta property=\"og:description\" content=\"Xalta Caf\u00e9 bietet in der Schweiz frisch ger\u00f6steten Kaffee und Spezialit\u00e4tenkaffees an. Erleben Sie den traditionellen Geschmack von t\u00fcrkischem Kaffee.\" \/>\n<meta property=\"og:url\" content=\"https:\/\/xalta.ch\/en\/cafe\/\" \/>\n<meta property=\"og:site_name\" content=\"Xalta\" \/>\n<meta property=\"article:modified_time\" content=\"2024-10-05T14:25:52+00:00\" \/>\n<meta property=\"og:image\" content=\"https:\/\/xalta.ch\/wp-content\/uploads\/2024\/10\/Bir-baslik-ekleyin-2024-10-05T172511.756.png\" \/>\n<meta name=\"twitter:card\" content=\"summary_large_image\" \/>\n<meta name=\"twitter:label1\" content=\"Est. reading time\" \/>\n\t<meta name=\"twitter:data1\" content=\"1 minute\" \/>\n<script type=\"application\/ld+json\" class=\"yoast-schema-graph\">{\"@context\":\"https:\\\/\\\/schema.org\",\"@graph\":[{\"@type\":\"WebPage\",\"@id\":\"https:\\\/\\\/xalta.ch\\\/cafe\\\/\",\"url\":\"https:\\\/\\\/xalta.ch\\\/cafe\\\/\",\"name\":\"Xalta Caf\u00e9 - Frisch ger\u00f6steter Kaffee und Spezialit\u00e4ten\",\"isPartOf\":{\"@id\":\"https:\\\/\\\/xalta.ch\\\/#website\"},\"primaryImageOfPage\":{\"@id\":\"https:\\\/\\\/xalta.ch\\\/cafe\\\/#primaryimage\"},\"image\":{\"@id\":\"https:\\\/\\\/xalta.ch\\\/cafe\\\/#primaryimage\"},\"thumbnailUrl\":\"https:\\\/\\\/xalta.ch\\\/wp-content\\\/uploads\\\/2024\\\/10\\\/Bir-baslik-ekleyin-2024-10-05T172511.756.png\",\"datePublished\":\"2024-10-03T12:14:00+00:00\",\"dateModified\":\"2024-10-05T14:25:52+00:00\",\"description\":\"Xalta Caf\u00e9 bietet in der Schweiz frisch ger\u00f6steten Kaffee und Spezialit\u00e4tenkaffees an. Erleben Sie den traditionellen Geschmack von t\u00fcrkischem Kaffee.\",\"breadcrumb\":{\"@id\":\"https:\\\/\\\/xalta.ch\\\/cafe\\\/#breadcrumb\"},\"inLanguage\":\"en-US\",\"potentialAction\":[{\"@type\":\"ReadAction\",\"target\":[\"https:\\\/\\\/xalta.ch\\\/cafe\\\/\"]}]},{\"@type\":\"ImageObject\",\"inLanguage\":\"en-US\",\"@id\":\"https:\\\/\\\/xalta.ch\\\/cafe\\\/#primaryimage\",\"url\":\"https:\\\/\\\/xalta.ch\\\/wp-content\\\/uploads\\\/2024\\\/10\\\/Bir-baslik-ekleyin-2024-10-05T172511.756.png\",\"contentUrl\":\"https:\\\/\\\/xalta.ch\\\/wp-content\\\/uploads\\\/2024\\\/10\\\/Bir-baslik-ekleyin-2024-10-05T172511.756.png\"},{\"@type\":\"BreadcrumbList\",\"@id\":\"https:\\\/\\\/xalta.ch\\\/cafe\\\/#breadcrumb\",\"itemListElement\":[{\"@type\":\"ListItem\",\"position\":1,\"name\":\"Anasayfa\",\"item\":\"https:\\\/\\\/xalta.ch\\\/\"},{\"@type\":\"ListItem\",\"position\":2,\"name\":\"Caf\u00e9\"}]},{\"@type\":\"WebSite\",\"@id\":\"https:\\\/\\\/xalta.ch\\\/#website\",\"url\":\"https:\\\/\\\/xalta.ch\\\/\",\"name\":\"Xalta\",\"description\":\"Cafe &amp; Bar &amp; Lahmacun\",\"publisher\":{\"@id\":\"https:\\\/\\\/xalta.ch\\\/#organization\"},\"potentialAction\":[{\"@type\":\"SearchAction\",\"target\":{\"@type\":\"EntryPoint\",\"urlTemplate\":\"https:\\\/\\\/xalta.ch\\\/?s={search_term_string}\"},\"query-input\":{\"@type\":\"PropertyValueSpecification\",\"valueRequired\":true,\"valueName\":\"search_term_string\"}}],\"inLanguage\":\"en-US\"},{\"@type\":\"Organization\",\"@id\":\"https:\\\/\\\/xalta.ch\\\/#organization\",\"name\":\"Xalta\",\"url\":\"https:\\\/\\\/xalta.ch\\\/\",\"logo\":{\"@type\":\"ImageObject\",\"inLanguage\":\"en-US\",\"@id\":\"https:\\\/\\\/xalta.ch\\\/#\\\/schema\\\/logo\\\/image\\\/\",\"url\":\"https:\\\/\\\/xalta.ch\\\/wp-content\\\/uploads\\\/2024\\\/10\\\/XALTA-LOGO-2024-scaled.jpg\",\"contentUrl\":\"https:\\\/\\\/xalta.ch\\\/wp-content\\\/uploads\\\/2024\\\/10\\\/XALTA-LOGO-2024-scaled.jpg\",\"width\":2560,\"height\":1612,\"caption\":\"Xalta\"},\"image\":{\"@id\":\"https:\\\/\\\/xalta.ch\\\/#\\\/schema\\\/logo\\\/image\\\/\"}}]}<\/script>\n<!-- \/ Yoast SEO Premium plugin. -->","yoast_head_json":{"title":"Xalta Caf\u00e9 - Frisch ger\u00f6steter Kaffee und Spezialit\u00e4ten","description":"Xalta Caf\u00e9 bietet in der Schweiz frisch ger\u00f6steten Kaffee und Spezialit\u00e4tenkaffees an. Erleben Sie den traditionellen Geschmack von t\u00fcrkischem Kaffee.","robots":{"index":"index","follow":"follow","max-snippet":"max-snippet:-1","max-image-preview":"max-image-preview:large","max-video-preview":"max-video-preview:-1"},"canonical":"https:\/\/xalta.ch\/en\/cafe\/","og_locale":"en_US","og_type":"article","og_title":"Caf\u00e9","og_description":"Xalta Caf\u00e9 bietet in der Schweiz frisch ger\u00f6steten Kaffee und Spezialit\u00e4tenkaffees an. Erleben Sie den traditionellen Geschmack von t\u00fcrkischem Kaffee.","og_url":"https:\/\/xalta.ch\/en\/cafe\/","og_site_name":"Xalta","article_modified_time":"2024-10-05T14:25:52+00:00","og_image":[{"url":"https:\/\/xalta.ch\/wp-content\/uploads\/2024\/10\/Bir-baslik-ekleyin-2024-10-05T172511.756.png","type":"","width":"","height":""}],"twitter_card":"summary_large_image","twitter_misc":{"Est. reading time":"1 minute"},"schema":{"@context":"https:\/\/schema.org","@graph":[{"@type":"WebPage","@id":"https:\/\/xalta.ch\/cafe\/","url":"https:\/\/xalta.ch\/cafe\/","name":"Xalta Caf\u00e9 - Frisch ger\u00f6steter Kaffee und Spezialit\u00e4ten","isPartOf":{"@id":"https:\/\/xalta.ch\/#website"},"primaryImageOfPage":{"@id":"https:\/\/xalta.ch\/cafe\/#primaryimage"},"image":{"@id":"https:\/\/xalta.ch\/cafe\/#primaryimage"},"thumbnailUrl":"https:\/\/xalta.ch\/wp-content\/uploads\/2024\/10\/Bir-baslik-ekleyin-2024-10-05T172511.756.png","datePublished":"2024-10-03T12:14:00+00:00","dateModified":"2024-10-05T14:25:52+00:00","description":"Xalta Caf\u00e9 bietet in der Schweiz frisch ger\u00f6steten Kaffee und Spezialit\u00e4tenkaffees an. Erleben Sie den traditionellen Geschmack von t\u00fcrkischem Kaffee.","breadcrumb":{"@id":"https:\/\/xalta.ch\/cafe\/#breadcrumb"},"inLanguage":"en-US","potentialAction":[{"@type":"ReadAction","target":["https:\/\/xalta.ch\/cafe\/"]}]},{"@type":"ImageObject","inLanguage":"en-US","@id":"https:\/\/xalta.ch\/cafe\/#primaryimage","url":"https:\/\/xalta.ch\/wp-content\/uploads\/2024\/10\/Bir-baslik-ekleyin-2024-10-05T172511.756.png","contentUrl":"https:\/\/xalta.ch\/wp-content\/uploads\/2024\/10\/Bir-baslik-ekleyin-2024-10-05T172511.756.png"},{"@type":"BreadcrumbList","@id":"https:\/\/xalta.ch\/cafe\/#breadcrumb","itemListElement":[{"@type":"ListItem","position":1,"name":"Anasayfa","item":"https:\/\/xalta.ch\/"},{"@type":"ListItem","position":2,"name":"Caf\u00e9"}]},{"@type":"WebSite","@id":"https:\/\/xalta.ch\/#website","url":"https:\/\/xalta.ch\/","name":"Xalta","description":"Cafe &amp; Bar &amp; Lahmacun","publisher":{"@id":"https:\/\/xalta.ch\/#organization"},"potentialAction":[{"@type":"SearchAction","target":{"@type":"EntryPoint","urlTemplate":"https:\/\/xalta.ch\/?s={search_term_string}"},"query-input":{"@type":"PropertyValueSpecification","valueRequired":true,"valueName":"search_term_string"}}],"inLanguage":"en-US"},{"@type":"Organization","@id":"https:\/\/xalta.ch\/#organization","name":"Xalta","url":"https:\/\/xalta.ch\/","logo":{"@type":"ImageObject","inLanguage":"en-US","@id":"https:\/\/xalta.ch\/#\/schema\/logo\/image\/","url":"https:\/\/xalta.ch\/wp-content\/uploads\/2024\/10\/XALTA-LOGO-2024-scaled.jpg","contentUrl":"https:\/\/xalta.ch\/wp-content\/uploads\/2024\/10\/XALTA-LOGO-2024-scaled.jpg","width":2560,"height":1612,"caption":"Xalta"},"image":{"@id":"https:\/\/xalta.ch\/#\/schema\/logo\/image\/"}}]}},"_links":{"self":[{"href":"https:\/\/xalta.ch\/en\/wp-json\/wp\/v2\/pages\/27361","targetHints":{"allow":["GET"]}}],"collection":[{"href":"https:\/\/xalta.ch\/en\/wp-json\/wp\/v2\/pages"}],"about":[{"href":"https:\/\/xalta.ch\/en\/wp-json\/wp\/v2\/types\/page"}],"author":[{"embeddable":true,"href":"https:\/\/xalta.ch\/en\/wp-json\/wp\/v2\/users\/1"}],"replies":[{"embeddable":true,"href":"https:\/\/xalta.ch\/en\/wp-json\/wp\/v2\/comments?post=27361"}],"version-history":[{"count":4,"href":"https:\/\/xalta.ch\/en\/wp-json\/wp\/v2\/pages\/27361\/revisions"}],"predecessor-version":[{"id":27481,"href":"https:\/\/xalta.ch\/en\/wp-json\/wp\/v2\/pages\/27361\/revisions\/27481"}],"wp:attachment":[{"href":"https:\/\/xalta.ch\/en\/wp-json\/wp\/v2\/media?parent=27361"}],"curies":[{"name":"wp","href":"https:\/\/api.w.org\/{rel}","templated":true}]}}